{"id":907,"date":"2025-09-04T17:37:04","date_gmt":"2025-09-04T21:37:04","guid":{"rendered":"https:\/\/importadorarizzuti.cl\/?page_id=907"},"modified":"2025-09-04T17:37:04","modified_gmt":"2025-09-04T21:37:04","slug":"productos","status":"publish","type":"page","link":"https:\/\/importadorarizzuti.cl\/?page_id=907","title":{"rendered":"Productos"},"content":{"rendered":"            <div id=\"product_listing\" class=\"post-907 page type-page status-publish hentry al_product responsive\">\n\t\t\t<div class=\"ic-catalog-container\"><div id=\"product_filters_bar\" class=\"product-sort-bar red-box ic-design \"><div id=\"block-99\" class=\"filter-widget widget_block product-search-widget\"><div class=\"widget product_search search widget_search\">    <form role=\"search\" class=\"red-box ic-design\" method=\"get\"\n          id=\"product_search_form\" action=\"https:\/\/importadorarizzuti.cl\/\">\n\t\t<input type=\"hidden\" name=\"post_type\" value=\"al_product\" \/>        <div class=\"ic-search-container\">\n\t\t\t            <input class=\"product-search-box\" type=\"search\" value=\"\" name=\"s\"\n                   placeholder=\"B\u00fasqueda de productos\"\/>\n            <input class=\"product-search-submit\" type=\"submit\" id=\"searchsubmit\"\n                   value=\"\"\/>\n        <\/div>\n    <\/form>\n\t<\/div><\/div><div id=\"block-100\" class=\"filter-widget widget_block product-sort-filter\"><div class=\"widget product_sort_filter\"><form class=\"product_order ic_ajax \" data-ic_responsive_label=\"Ordenar por\" data-ic_ajax=\"product_order\" action=\"\"><select class=\"product_order_selector ic_self_submit\" name=\"product_order\"><option value=\"newest\" >Ordenar por m\u00e1s nuevos<\/option><option value=\"product-name\"  selected='selected'>Ordenar por nombre<\/option><\/select><input type=\"hidden\" value=\"\/wp\/v2\/pages\/907\" name=\"rest_route\" \/><\/form><\/div><\/div><div id=\"block-101\" class=\"filter-widget widget_block product-price-filter\"><div class=\"widget product_price_filter\">                <div class=\"price-filter ic_ajax red-box ic-design \"\n                     data-ic_ajax=\"price-filter\"\n                     data-ic_responsive_label=\"Precio\"\n                     data-ic_ajax_data=\"{&quot;instance&quot;:{&quot;title&quot;:&quot;&quot;,&quot;shortcode_support&quot;:false,&quot;ic_context_id&quot;:0,&quot;ic_context_post_type&quot;:&quot;&quot;,&quot;contentControls&quot;:{&quot;enabled&quot;:false,&quot;rules&quot;:[]}},&quot;args&quot;:{&quot;before_widget&quot;:&quot;&lt;div class=\\&quot;widget product_price_filter\\&quot;&gt;&quot;,&quot;after_widget&quot;:&quot;&lt;\\\/div&gt;&quot;,&quot;before_title&quot;:&quot;&lt;h2 class=\\&quot;widgettitle\\&quot;&gt;&quot;,&quot;after_title&quot;:&quot;&lt;\\\/h2&gt;&quot;}}\">\n                    <span class=\"filter-label\">Precio:<\/span>\n                    <form class=\"price-filter-form\" action=\"\">\n\t\t\t\t\t\t<input type=\"hidden\" value=\"\/wp\/v2\/pages\/907\" name=\"rest_route\" \/>                        <input class=\"number-box\" placeholder=\"$\" type=\"number\" min=\"0\"\n                               step=\"0.01\" name=\"min-price\" value=\"\"> - <input\n                                placeholder=\"$\" min=\"0\" step=\"0.01\" type=\"number\"\n                                class=\"number-box\" name=\"max-price\" value=\"\">\n                        <input class=\"price-filter-submit\" type=\"submit\" value=\"OK\">\n\t\t\t\t\t\t                    <\/form>\n\t\t\t\t\t                <\/div>\n\t\t\t\t<\/div><\/div><div id=\"block-102\" class=\"filter-widget widget_block product-category-filter\"><div style=\"padding: 20px 10px\">Filtro de categor\u00eda de cat\u00e1logo solo aparecer\u00e1 en la portada si hay algo disponible en el contexto.<\/div><\/div><div class=\"clear-both\"><\/div><\/div><div class=\"product-list grid \" >    <div class=\"archive-listing product-927 classic-grid publish priced first\">\n        <a href=\"https:\/\/importadorarizzuti.cl\/?producto=protector-acrilico-para-tv-de-55-3-mm-espesor\">\n            <div class=\"classic-grid-image-wrapper\">\n                <div class=\"pseudo\"><\/div>\n                <div class=\"image\"><img fetchpriority=\"high\" decoding=\"async\" width=\"600\" height=\"423\" src=\"https:\/\/importadorarizzuti.cl\/wp-content\/uploads\/2025\/09\/fw-600x423.png\" class=\"classic-grid-image\" alt=\"Protector Acr\u00edlico para TV de 50&#8243; &#8211; 3 mm espesor\" srcset=\"https:\/\/importadorarizzuti.cl\/wp-content\/uploads\/2025\/09\/fw-600x423.png 600w, https:\/\/importadorarizzuti.cl\/wp-content\/uploads\/2025\/09\/fw-300x211.png 300w, https:\/\/importadorarizzuti.cl\/wp-content\/uploads\/2025\/09\/fw-768x541.png 768w, https:\/\/importadorarizzuti.cl\/wp-content\/uploads\/2025\/09\/fw-227x160.png 227w, https:\/\/importadorarizzuti.cl\/wp-content\/uploads\/2025\/09\/fw.png 941w\" sizes=\"(max-width: 600px) 100vw, 600px\" \/><\/div>\n            <\/div>\n            <h3 class=\"product-name\">Protector Acr\u00edlico para TV de 50&#8243; &#8211; 3 mm espesor<\/h3><span class=\"product-price blue-price small-price ic-design\">$ 45.900<\/span>\t\t\t        <\/a>\n\t\t    <\/div>\n\n<\/div>    <span class=\"clear\"><\/span>\n\t<\/div>            <\/div>\n\t\t\t\n","protected":false},"excerpt":{"rendered":"","protected":false},"author":1,"featured_media":0,"parent":0,"menu_order":0,"comment_status":"closed","ping_status":"closed","template":"","meta":{"_monsterinsights_skip_tracking":false,"_monsterinsights_sitenote_active":false,"_monsterinsights_sitenote_note":"","_monsterinsights_sitenote_category":0,"footnotes":""},"class_list":["post-907","page","type-page","status-publish","hentry"],"_links":{"self":[{"href":"https:\/\/importadorarizzuti.cl\/index.php?rest_route=\/wp\/v2\/pages\/907","targetHints":{"allow":["GET"]}}],"collection":[{"href":"https:\/\/importadorarizzuti.cl\/index.php?rest_route=\/wp\/v2\/pages"}],"about":[{"href":"https:\/\/importadorarizzuti.cl\/index.php?rest_route=\/wp\/v2\/types\/page"}],"author":[{"embeddable":true,"href":"https:\/\/importadorarizzuti.cl\/index.php?rest_route=\/wp\/v2\/users\/1"}],"replies":[{"embeddable":true,"href":"https:\/\/importadorarizzuti.cl\/index.php?rest_route=%2Fwp%2Fv2%2Fcomments&post=907"}],"version-history":[{"count":0,"href":"https:\/\/importadorarizzuti.cl\/index.php?rest_route=\/wp\/v2\/pages\/907\/revisions"}],"wp:attachment":[{"href":"https:\/\/importadorarizzuti.cl\/index.php?rest_route=%2Fwp%2Fv2%2Fmedia&parent=907"}],"curies":[{"name":"wp","href":"https:\/\/api.w.org\/{rel}","templated":true}]}}